{"id":103,"date":"2013-10-12T07:47:52","date_gmt":"2013-10-12T05:47:52","guid":{"rendered":"http:\/\/www.spielepreis.at\/wordpress\/?page_id=103"},"modified":"2023-09-27T19:54:49","modified_gmt":"2023-09-27T17:54:49","slug":"impressum","status":"publish","type":"page","link":"http:\/\/www.spielepreis.at\/wordpress\/impressum\/","title":{"rendered":"Impressum"},"content":{"rendered":"\n<p>F\u00fcr den Inhalt verantwortlich ist der Verein \u00d6sterreichische Spiele-Akademie (ZVR-Zahl 1056669271).<\/p>\n\n\n\n<h3 class=\"wp-block-heading\">Adresse<\/h3>\n\n\n\n<p>Draschestra\u00dfe 15\/21, 1230 Wien<\/p>\n\n\n\n<h3 class=\"wp-block-heading\">Vereinsobmann<\/h3>\n\n\n\n<p>DI Thomas Bareder<br>Tel: <a href=\"tel:+4369910111054\">+43 699 1011 1054<br><\/a><a href=\"mailto:Thomas.Bareder@spieleakademie.at\">Thomas.Bareder@spieleakademie.at<\/a><\/p>\n\n\n\n<p><a title=\"www.spielen.at\" href=\"http:\/\/www.spielen.at\">www.spielen.at<\/a><br><a href=\"mailto:office@spielen.at\">office@spielen.at<\/a><\/p>\n","protected":false},"excerpt":{"rendered":"<p>F\u00fcr den Inhalt verantwortlich ist der Verein \u00d6sterreichische Spiele-Akademie (ZVR-Zahl 1056669271). Adresse Draschestra\u00dfe 15\/21, 1230 Wien Vereinsobmann DI Thomas BarederTel: +43 699 1011 1054Thomas.Bareder@spieleakademie.at www.spielen.atoffice@spielen.at<\/p>\n","protected":false},"author":1,"featured_media":0,"parent":0,"menu_order":0,"comment_status":"open","ping_status":"open","template":"","meta":{"footnotes":""},"class_list":["post-103","page","type-page","status-publish","hentry"],"_links":{"self":[{"href":"http:\/\/www.spielepreis.at\/wordpress\/wp-json\/wp\/v2\/pages\/103","targetHints":{"allow":["GET"]}}],"collection":[{"href":"http:\/\/www.spielepreis.at\/wordpress\/wp-json\/wp\/v2\/pages"}],"about":[{"href":"http:\/\/www.spielepreis.at\/wordpress\/wp-json\/wp\/v2\/types\/page"}],"author":[{"embeddable":true,"href":"http:\/\/www.spielepreis.at\/wordpress\/wp-json\/wp\/v2\/users\/1"}],"replies":[{"embeddable":true,"href":"http:\/\/www.spielepreis.at\/wordpress\/wp-json\/wp\/v2\/comments?post=103"}],"version-history":[{"count":3,"href":"http:\/\/www.spielepreis.at\/wordpress\/wp-json\/wp\/v2\/pages\/103\/revisions"}],"predecessor-version":[{"id":966,"href":"http:\/\/www.spielepreis.at\/wordpress\/wp-json\/wp\/v2\/pages\/103\/revisions\/966"}],"wp:attachment":[{"href":"http:\/\/www.spielepreis.at\/wordpress\/wp-json\/wp\/v2\/media?parent=103"}],"curies":[{"name":"wp","href":"https:\/\/api.w.org\/{rel}","templated":true}]}}