{"id":1044,"date":"2025-06-12T22:37:50","date_gmt":"2025-06-12T20:37:50","guid":{"rendered":"http:\/\/www.spielepreis.at\/wordpress\/?page_id=1044"},"modified":"2025-09-30T08:43:26","modified_gmt":"2025-09-30T06:43:26","slug":"oesterreichischer-spielepreis-2025","status":"publish","type":"page","link":"http:\/\/www.spielepreis.at\/wordpress\/","title":{"rendered":"\u00d6sterreichischer Spielepreis 2025"},"content":{"rendered":"\n<h2 class=\"wp-block-heading\">Bekanntgabe des \u00d6sterreichischen Spielepreises&#8217;25<\/h2>\n\n\n\n<figure class=\"wp-block-image size-large\"><a href=\"http:\/\/www.spielepreis.at\/wordpress\/wp-content\/uploads\/2025\/06\/Spielebox-Collage-2025-neu-2000-High.png\"><img loading=\"lazy\" decoding=\"async\" width=\"1024\" height=\"1024\" src=\"http:\/\/www.spielepreis.at\/wordpress\/wp-content\/uploads\/2025\/06\/Spielebox-Collage-2025-neu-2000-High-1024x1024.png\" alt=\"\" class=\"wp-image-1062\" srcset=\"http:\/\/www.spielepreis.at\/wordpress\/wp-content\/uploads\/2025\/06\/Spielebox-Collage-2025-neu-2000-High-1024x1024.png 1024w, http:\/\/www.spielepreis.at\/wordpress\/wp-content\/uploads\/2025\/06\/Spielebox-Collage-2025-neu-2000-High-300x300.png 300w, http:\/\/www.spielepreis.at\/wordpress\/wp-content\/uploads\/2025\/06\/Spielebox-Collage-2025-neu-2000-High-150x150.png 150w, http:\/\/www.spielepreis.at\/wordpress\/wp-content\/uploads\/2025\/06\/Spielebox-Collage-2025-neu-2000-High-768x768.png 768w, http:\/\/www.spielepreis.at\/wordpress\/wp-content\/uploads\/2025\/06\/Spielebox-Collage-2025-neu-2000-High-1536x1536.png 1536w, http:\/\/www.spielepreis.at\/wordpress\/wp-content\/uploads\/2025\/06\/Spielebox-Collage-2025-neu-2000-High.png 2000w\" sizes=\"auto, (max-width: 1024px) 100vw, 1024px\" \/><\/a><\/figure>\n\n\n\n<hr class=\"wp-block-separator has-alpha-channel-opacity\"\/>\n\n\n\n<h2 class=\"wp-block-heading\">Bekanntgabe der Empfehlungslisten<\/h2>\n\n\n\n<p>Am Samstag, den 27. September fand auf Schloss Tollet im Rahmen der Er\u00f6ffnung der Spielesaison die Bekanntgabe der diesj\u00e4hrigen <strong><em>Spiele<\/em><\/strong>\u2013<strong><em>Empfehlungslisten<\/em><\/strong> statt.<\/p>\n\n\n\n<p>Welche Spiele wurden neben dem Hauptpreistr\u00e4ger, dem <strong><em>Spiel der Spiele<\/em><\/strong> und den <strong><em>Spiele-Hits<\/em><\/strong> der Kategorien <em>f\u00fcr Kinder<\/em>, <em>f\u00fcr Familien<\/em>, <em>mit Freunden<\/em>, <em>f\u00fcr Experten<\/em>, <em>Karten<\/em> bzw. <em>Trend<\/em> au\u00dferdem f\u00fcr den aktuellen Spiele-Jahrgang empfohlen?<\/p>\n\n\n\n<p><a href=\"http:\/\/www.spielepreis.at\/wordpress\/wp-content\/uploads\/2025\/09\/A4-Empfehlungsliste-2025-RGB.pdf\" target=\"_blank\" rel=\"noreferrer noopener\">Empfehlungslisten \u2013 PDF zum Download<\/a><\/p>\n\n\n\n<hr class=\"wp-block-separator has-alpha-channel-opacity\"\/>\n\n\n\n<h2 class=\"wp-block-heading\">&#8222;Spiel der Spiele&#8220; und &#8222;Spiele-Hits&#8220; 2025<\/h2>\n\n\n\n<p>Ein Viertel Jahrhundert k\u00fcren wir nun das Spiel-der-Spiele und pr\u00e4sentieren den \u00d6sterreichischen Spielepreis \u2013 ein guter Moment, etwas Bilanz zu ziehen bzw. sich der in Wien g\u00e4ngigen Behauptung, dass fr\u00fcher alles besser war, in Bezug auf die heutige Spielelandschaft zu stellen: \u201eNein, im Gegenteil!\u201c, k\u00f6nnte man entgegnen, schaffen es doch Autoren, Redakteure und Verlagsleiter immer wieder, mit neuen Ideen zu verbl\u00fcffen. Zudem hat internationale Vernetzung und technischer Fortschritt in Bezug auf Produktion, Grafik und Entwicklung die Zahl der j\u00e4hrlich ver\u00f6ffentlichten Spiele von wenigen Dutzend Anfang der 1980er und einigen hundert um die Jahrtausendwende auf mittlerweile \u00fcber zweitausend ansteigen lassen. Dabei wurden auch Spiel-Ideen, die vor 40-50 Jahren noch als unrealisierbar oder zu kompliziert f\u00fcr die Mehrheit eingestuft wurden, umgesetzt und auf den immer gr\u00f6\u00dfer werdenden, zunehmend auf Nachhaltigkeit achtenden Markt gebracht. Keine schlechte Entwicklung und wir Konsumenten k\u00f6nnen aus dem Vollen sch\u00f6pfen und die Auswahl genie\u00dfen!<\/p>\n\n\n\n<p>Summa summarum gilt: Das Spiele-Angebot \u201925 \u00fcberzeugt nicht nur in punkto Themen-Vielfalt, Zug\u00e4nglichkeit und Design, sondern begeistert Jung und Alt mit anhaltendem, abwechslungsreichem Spielvergn\u00fcgen auf qualitativ hohem Niveau, das nicht nur ohne Zusatzkosten auskommt, sondern insgesamt ein sehr gutes Preis-Leistungsverh\u00e4ltnis bietet!<\/p>\n\n\n\n<h3 class=\"wp-block-heading\">Spiel der Spiele<\/h3>\n\n\n\n<p>&#8222;Gloomies&#8220; von F. Landini (<a href=\"https:\/\/www.ravensburger.de\/de-AT\">Ravensburger<\/a>)<\/p>\n\n\n\n<h3 class=\"wp-block-heading\">Spiele-Hit Kinder<\/h3>\n\n\n\n<p>&#8222;K\u00e4pt\u2019n Kuck&#8220; von G. Ribas (<a href=\"https:\/\/www.pegasus.de\">Pegasus<\/a>)<\/p>\n\n\n\n<h3 class=\"wp-block-heading\">Spiele-Hit Familien<\/h3>\n\n\n\n<p>&#8222;Ziggurat&#8220; von M. Leacock &amp; R. Daviau (<a href=\"https:\/\/www.schmidtspiele.de\" target=\"_blank\" rel=\"noreferrer noopener\">Schmidt Spiele<\/a>)<\/p>\n\n\n\n<h3 class=\"wp-block-heading\">Spiele Hit Freunde <\/h3>\n\n\n\n<p>&#8222;Cut it&#8220; von E. &amp; G. Burkhardt (<a href=\"https:\/\/www.gamefactory-games.com\" target=\"_blank\" rel=\"noreferrer noopener\">Game Factory<\/a>)<\/p>\n\n\n\n<h3 class=\"wp-block-heading\">Spiele Hit Experten<\/h3>\n\n\n\n<p>&#8222;SETI&#8220; von T. Holek&nbsp;(<a href=\"http:\/\/www.czechgames.com\">Czech Games Edition<\/a>)<\/p>\n\n\n\n<h3 class=\"wp-block-heading\">Spiele Hit Karten<\/h3>\n\n\n\n<p>&#8222;Castle Combo&#8220; von G. Grard &amp; M. Roussel (<a href=\"https:\/\/www.kosmos.de\" target=\"_blank\" rel=\"noreferrer noopener\">Kosmos<\/a>)<\/p>\n\n\n\n<h3 class=\"wp-block-heading\">Spiele Hit Trend<\/h3>\n\n\n\n<p>&#8222;Fliptown&#8220; von S. Aramini (<a href=\"https:\/\/www.strohmanngames.de\">Strohmann Games<\/a>)<\/p>\n\n\n\n<hr class=\"wp-block-separator has-alpha-channel-opacity\"\/>\n\n\n\n<h2 class=\"wp-block-heading\">Downloads<\/h2>\n\n\n\n<p><a href=\"http:\/\/www.spielepreis.at\/wordpress\/wp-content\/uploads\/2025\/06\/Presseaussendung_Bekanntgabe_Spielepreis_2025_Text.pdf\" target=\"_blank\" rel=\"noreferrer noopener\">Presseaussendung \u2013 Einladung zur Bekanntgabe des \u00d6sterreichischen Spielepreis 2025<\/a><\/p>\n\n\n\n<p><a href=\"http:\/\/www.spielepreis.at\/wordpress\/wp-content\/uploads\/2025\/06\/Presse-Aussendung-SdS-2025-XS.pdf\">Die Gewinner des \u00d6sterreichischen Spielepreises 2025 im \u00dcberblick<\/a><\/p>\n\n\n\n<p><a href=\"http:\/\/www.spielepreis.at\/wordpress\/wp-content\/uploads\/2025\/09\/A4-Empfehlungsliste-2025-RGB.pdf\">Empfehlungslisten \u2013 Alle ausgezeichneten Spiele<\/a><\/p>\n\n\n\n<hr class=\"wp-block-separator has-alpha-channel-opacity\"\/>\n\n\n\n<h2 class=\"wp-block-heading\">R\u00fcckfragen und Anmeldungen<\/h2>\n\n\n\n<p><a href=\"mailto:t.bareder@spielepreis.at\">t.bareder@spielepreis.at<\/a> oder <br>Tel. 0699 \/ 1011 1054 (Thomas Bareder)<br>\u00d6sterreichische Spiele-Akademie<\/p>\n","protected":false},"excerpt":{"rendered":"<p>Bekanntgabe des \u00d6sterreichischen Spielepreises&#8217;25 Bekanntgabe der Empfehlungslisten Am Samstag, den 27. September fand auf Schloss Tollet im Rahmen der Er\u00f6ffnung der Spielesaison die Bekanntgabe der diesj\u00e4hrigen Spiele\u2013Empfehlungslisten statt. Welche Spiele wurden neben dem Hauptpreistr\u00e4ger, dem Spiel der Spiele und den Spiele-Hits der Kategorien f\u00fcr Kinder, f\u00fcr Familien, mit Freunden, f\u00fcr Experten, Karten bzw. Trend au\u00dferdem [&hellip;]<\/p>\n","protected":false},"author":1,"featured_media":0,"parent":0,"menu_order":0,"comment_status":"closed","ping_status":"closed","template":"","meta":{"footnotes":""},"class_list":["post-1044","page","type-page","status-publish","hentry"],"_links":{"self":[{"href":"http:\/\/www.spielepreis.at\/wordpress\/wp-json\/wp\/v2\/pages\/1044","targetHints":{"allow":["GET"]}}],"collection":[{"href":"http:\/\/www.spielepreis.at\/wordpress\/wp-json\/wp\/v2\/pages"}],"about":[{"href":"http:\/\/www.spielepreis.at\/wordpress\/wp-json\/wp\/v2\/types\/page"}],"author":[{"embeddable":true,"href":"http:\/\/www.spielepreis.at\/wordpress\/wp-json\/wp\/v2\/users\/1"}],"replies":[{"embeddable":true,"href":"http:\/\/www.spielepreis.at\/wordpress\/wp-json\/wp\/v2\/comments?post=1044"}],"version-history":[{"count":16,"href":"http:\/\/www.spielepreis.at\/wordpress\/wp-json\/wp\/v2\/pages\/1044\/revisions"}],"predecessor-version":[{"id":1080,"href":"http:\/\/www.spielepreis.at\/wordpress\/wp-json\/wp\/v2\/pages\/1044\/revisions\/1080"}],"wp:attachment":[{"href":"http:\/\/www.spielepreis.at\/wordpress\/wp-json\/wp\/v2\/media?parent=1044"}],"curies":[{"name":"wp","href":"https:\/\/api.w.org\/{rel}","templated":true}]}}