{"id":114,"date":"2013-10-12T08:50:55","date_gmt":"2013-10-12T06:50:55","guid":{"rendered":"http:\/\/www.spielepreis.at\/wordpress\/?page_id=114"},"modified":"2014-06-30T15:14:32","modified_gmt":"2014-06-30T13:14:32","slug":"oesterreichischer-spielepreis","status":"publish","type":"page","link":"http:\/\/www.spielepreis.at\/wordpress\/oesterreichischer-spielepreis\/","title":{"rendered":"\u00d6sterreichischer Spielepreis"},"content":{"rendered":"<p>Die Wiener Spiele Akadamie hat es sich zur Aufgabe gemacht, besonders gute Brett- und Kartenspiele auszuzeichnen, dazu gibt es nun seit 2001 den \u00d6sterreichische Spielepreis.<\/p>\n<p>Es gibt die Kategieren &#8222;SPIEL DER SPIELE&#8220; mit den Unterkategorien &#8222;Sonderpreis&#8220; und &#8222;Meisterwerk&#8220; und die Kategorie &#8222;SPIELE HIT&#8220; mit den Unterkategorien &#8222;Spiele Hits f\u00fcr Kinder&#8220;, &#8222;Spiele Hits f\u00fcr Familien&#8220;, Spiele Hits mit Freunden&#8220; und &#8222;Spiele Hits f\u00fcr Experten&#8220;. Seit 2014 wird auch der &#8222;GRIFFIN SCROLL&#8220; als Teil des \u00f6sterreichischen Spielepreises vergebn. Die Preistr\u00e4ger werden von der Spielekommission j\u00e4hrlich bestimmt und im Juni im Rahmen einer Pressekonferenz bekannt gegeben.<\/p>\n<p>Die Spielekommission setzt sich aus mehreren Mitglieder der Wiener Spiele Akademie zusammen. Sie tagt unter der Leitung von Dipl.Ing. Dagmar de Cassan, der Vorsitzenden der Wiener Spiele Akademie. Nach Sichtung der vorliegenden Vorschl\u00e4ge wird \u00fcber die entsprechenden Preistr\u00e4ger mit einfacher Mehrheit entschieden, nur bei Stimmengleichheit stimmt die Vorsitzende mit. Die Liste der Mitglider der Spielekommission finden Sie im Menu.<\/p>\n<p>Sehen Sie die aktuellen und alle bisherigen Preistr\u00e4ger in den entsprechenden Listen des Menus.<\/p>\n","protected":false},"excerpt":{"rendered":"<p>Die Wiener Spiele Akadamie hat es sich zur Aufgabe gemacht, besonders gute Brett- und Kartenspiele auszuzeichnen, dazu gibt es nun seit 2001 den \u00d6sterreichische Spielepreis. Es gibt die Kategieren &#8222;SPIEL DER SPIELE&#8220; mit den Unterkategorien &#8222;Sonderpreis&#8220; und &#8222;Meisterwerk&#8220; und die Kategorie &#8222;SPIELE HIT&#8220; mit den Unterkategorien &#8222;Spiele Hits f\u00fcr Kinder&#8220;, &#8222;Spiele Hits f\u00fcr Familien&#8220;, Spiele [&hellip;]<\/p>\n","protected":false},"author":1,"featured_media":0,"parent":0,"menu_order":0,"comment_status":"open","ping_status":"open","template":"","meta":{"footnotes":""},"class_list":["post-114","page","type-page","status-publish","hentry"],"_links":{"self":[{"href":"http:\/\/www.spielepreis.at\/wordpress\/wp-json\/wp\/v2\/pages\/114","targetHints":{"allow":["GET"]}}],"collection":[{"href":"http:\/\/www.spielepreis.at\/wordpress\/wp-json\/wp\/v2\/pages"}],"about":[{"href":"http:\/\/www.spielepreis.at\/wordpress\/wp-json\/wp\/v2\/types\/page"}],"author":[{"embeddable":true,"href":"http:\/\/www.spielepreis.at\/wordpress\/wp-json\/wp\/v2\/users\/1"}],"replies":[{"embeddable":true,"href":"http:\/\/www.spielepreis.at\/wordpress\/wp-json\/wp\/v2\/comments?post=114"}],"version-history":[{"count":4,"href":"http:\/\/www.spielepreis.at\/wordpress\/wp-json\/wp\/v2\/pages\/114\/revisions"}],"predecessor-version":[{"id":463,"href":"http:\/\/www.spielepreis.at\/wordpress\/wp-json\/wp\/v2\/pages\/114\/revisions\/463"}],"wp:attachment":[{"href":"http:\/\/www.spielepreis.at\/wordpress\/wp-json\/wp\/v2\/media?parent=114"}],"curies":[{"name":"wp","href":"https:\/\/api.w.org\/{rel}","templated":true}]}}