{"id":72,"date":"2013-10-11T18:12:24","date_gmt":"2013-10-11T16:12:24","guid":{"rendered":"http:\/\/www.spielepreis.at\/wordpress\/?page_id=72"},"modified":"2014-01-10T12:29:25","modified_gmt":"2014-01-10T10:29:25","slug":"hall-of-games","status":"publish","type":"page","link":"http:\/\/www.spielepreis.at\/wordpress\/hall-of-games\/","title":{"rendered":"Hall of Games"},"content":{"rendered":"<h1>Die beliebsten Spiele des Spiele Kreis Wien<\/h1>\n<p><a href=\"http:\/\/www.spielepreis.at\/wordpress\/wp-content\/uploads\/2014\/01\/hog_2014.jpg\"><img loading=\"lazy\" decoding=\"async\" class=\"alignnone size-full wp-image-158\" alt=\"hog_2014\" src=\"http:\/\/www.spielepreis.at\/wordpress\/wp-content\/uploads\/2014\/01\/hog_2014.jpg\" width=\"150\" height=\"153\" \/><\/a><\/p>\n<p>Seit dem Jahre 1985 stimmen die Mitglieder des Spiele Kreis Wien an den Spieleabenden \u00fcber unsere beliebtesten Spiele ab. Das Ergebnis wird laufend unter dem Titel WINNERS ver\u00f6ffentlicht. F\u00fcr die Pl\u00e4tze 1 bis 5 dieser Abstimmungen gibt es 5 bis 1 Punkte f\u00fcr die Wertung \u201cHall of Games\u201d. Erreicht ein Spiel mit seinen Platzierungen in Summe 50 Punkte und hat mindestens ein Mal Platz 1 oder f\u00fcnf Mal Platz 2 belegt, steigt es in die &#8222;Hall of Games&#8220; auf, in unsere \u201cewige\u201d Bestenliste.<br \/>\nAn dieser Abstimmung nehmen vor allem Vielspieler und Spielefreaks teil, diese Auswahl entspricht bei manchen Spielen nicht dem Geschmack eines breiten Publikums. Manchmal stimmt der Geschmack aber \u00fcberein!<\/p>\n","protected":false},"excerpt":{"rendered":"<p>Die beliebsten Spiele des Spiele Kreis Wien Seit dem Jahre 1985 stimmen die Mitglieder des Spiele Kreis Wien an den Spieleabenden \u00fcber unsere beliebtesten Spiele ab. Das Ergebnis wird laufend unter dem Titel WINNERS ver\u00f6ffentlicht. F\u00fcr die Pl\u00e4tze 1 bis 5 dieser Abstimmungen gibt es 5 bis 1 Punkte f\u00fcr die Wertung \u201cHall of Games\u201d. [&hellip;]<\/p>\n","protected":false},"author":1,"featured_media":0,"parent":0,"menu_order":0,"comment_status":"open","ping_status":"open","template":"","meta":{"footnotes":""},"class_list":["post-72","page","type-page","status-publish","hentry"],"_links":{"self":[{"href":"http:\/\/www.spielepreis.at\/wordpress\/wp-json\/wp\/v2\/pages\/72","targetHints":{"allow":["GET"]}}],"collection":[{"href":"http:\/\/www.spielepreis.at\/wordpress\/wp-json\/wp\/v2\/pages"}],"about":[{"href":"http:\/\/www.spielepreis.at\/wordpress\/wp-json\/wp\/v2\/types\/page"}],"author":[{"embeddable":true,"href":"http:\/\/www.spielepreis.at\/wordpress\/wp-json\/wp\/v2\/users\/1"}],"replies":[{"embeddable":true,"href":"http:\/\/www.spielepreis.at\/wordpress\/wp-json\/wp\/v2\/comments?post=72"}],"version-history":[{"count":7,"href":"http:\/\/www.spielepreis.at\/wordpress\/wp-json\/wp\/v2\/pages\/72\/revisions"}],"predecessor-version":[{"id":161,"href":"http:\/\/www.spielepreis.at\/wordpress\/wp-json\/wp\/v2\/pages\/72\/revisions\/161"}],"wp:attachment":[{"href":"http:\/\/www.spielepreis.at\/wordpress\/wp-json\/wp\/v2\/media?parent=72"}],"curies":[{"name":"wp","href":"https:\/\/api.w.org\/{rel}","templated":true}]}}