{"id":924,"date":"2023-06-29T09:28:51","date_gmt":"2023-06-29T07:28:51","guid":{"rendered":"http:\/\/www.spielepreis.at\/wordpress\/?page_id=924"},"modified":"2024-10-27T18:18:32","modified_gmt":"2024-10-27T16:18:32","slug":"oesterreichischer-spielepreis23","status":"publish","type":"page","link":"http:\/\/www.spielepreis.at\/wordpress\/oesterreichischer-spielepreis23\/","title":{"rendered":"\u00d6sterreichischer Spielepreis&#8217;23"},"content":{"rendered":"\n<h2 class=\"wp-block-heading\">Die ausgezeichneten Spiele 2023<\/h2>\n\n\n<div class=\"wp-block-image\">\n<figure class=\"aligncenter size-large\"><a href=\"http:\/\/www.spielepreis.at\/wordpress\/wp-content\/uploads\/2023\/07\/Bekanntgabe_Spielepreis_Aussendung-SdS-2023-HIGH.jpg\"><img loading=\"lazy\" decoding=\"async\" width=\"1011\" height=\"1024\" src=\"http:\/\/www.spielepreis.at\/wordpress\/wp-content\/uploads\/2023\/07\/Bekanntgabe_Spielepreis_Aussendung-SdS-2023-HIGH-1011x1024.jpg\" alt=\"\" class=\"wp-image-933\" srcset=\"http:\/\/www.spielepreis.at\/wordpress\/wp-content\/uploads\/2023\/07\/Bekanntgabe_Spielepreis_Aussendung-SdS-2023-HIGH-1011x1024.jpg 1011w, http:\/\/www.spielepreis.at\/wordpress\/wp-content\/uploads\/2023\/07\/Bekanntgabe_Spielepreis_Aussendung-SdS-2023-HIGH-296x300.jpg 296w, http:\/\/www.spielepreis.at\/wordpress\/wp-content\/uploads\/2023\/07\/Bekanntgabe_Spielepreis_Aussendung-SdS-2023-HIGH-768x778.jpg 768w, http:\/\/www.spielepreis.at\/wordpress\/wp-content\/uploads\/2023\/07\/Bekanntgabe_Spielepreis_Aussendung-SdS-2023-HIGH-1517x1536.jpg 1517w, http:\/\/www.spielepreis.at\/wordpress\/wp-content\/uploads\/2023\/07\/Bekanntgabe_Spielepreis_Aussendung-SdS-2023-HIGH.jpg 1844w\" sizes=\"auto, (max-width: 1011px) 100vw, 1011px\" \/><\/a><\/figure>\n<\/div>\n\n\n<hr class=\"wp-block-separator has-alpha-channel-opacity\"\/>\n\n\n\n<h2 class=\"wp-block-heading\">Folder-Gallerie<\/h2>\n\n\n\n<figure class=\"wp-block-gallery has-nested-images columns-default is-cropped wp-block-gallery-1 is-layout-flex wp-block-gallery-is-layout-flex\">\n<figure class=\"wp-block-image size-large\"><a href=\"http:\/\/www.spielepreis.at\/wordpress\/wp-content\/uploads\/2024\/10\/Folder-Spielepreis-2023-2.jpg\"><img loading=\"lazy\" decoding=\"async\" width=\"1024\" height=\"740\" data-id=\"1040\" src=\"http:\/\/www.spielepreis.at\/wordpress\/wp-content\/uploads\/2024\/10\/Folder-Spielepreis-2023-2-1024x740.jpg\" alt=\"\" class=\"wp-image-1040\" srcset=\"http:\/\/www.spielepreis.at\/wordpress\/wp-content\/uploads\/2024\/10\/Folder-Spielepreis-2023-2-1024x740.jpg 1024w, http:\/\/www.spielepreis.at\/wordpress\/wp-content\/uploads\/2024\/10\/Folder-Spielepreis-2023-2-300x217.jpg 300w, http:\/\/www.spielepreis.at\/wordpress\/wp-content\/uploads\/2024\/10\/Folder-Spielepreis-2023-2-768x555.jpg 768w, http:\/\/www.spielepreis.at\/wordpress\/wp-content\/uploads\/2024\/10\/Folder-Spielepreis-2023-2-1536x1110.jpg 1536w, http:\/\/www.spielepreis.at\/wordpress\/wp-content\/uploads\/2024\/10\/Folder-Spielepreis-2023-2.jpg 1724w\" sizes=\"auto, (max-width: 1024px) 100vw, 1024px\" \/><\/a><\/figure>\n\n\n\n<figure class=\"wp-block-image size-large\"><a href=\"http:\/\/www.spielepreis.at\/wordpress\/wp-content\/uploads\/2024\/10\/Folder-Spielepreis-2023-3.jpg\"><img loading=\"lazy\" decoding=\"async\" width=\"708\" height=\"1024\" data-id=\"1041\" src=\"http:\/\/www.spielepreis.at\/wordpress\/wp-content\/uploads\/2024\/10\/Folder-Spielepreis-2023-3-708x1024.jpg\" alt=\"\" class=\"wp-image-1041\" srcset=\"http:\/\/www.spielepreis.at\/wordpress\/wp-content\/uploads\/2024\/10\/Folder-Spielepreis-2023-3-708x1024.jpg 708w, http:\/\/www.spielepreis.at\/wordpress\/wp-content\/uploads\/2024\/10\/Folder-Spielepreis-2023-3-208x300.jpg 208w, http:\/\/www.spielepreis.at\/wordpress\/wp-content\/uploads\/2024\/10\/Folder-Spielepreis-2023-3-768x1110.jpg 768w, http:\/\/www.spielepreis.at\/wordpress\/wp-content\/uploads\/2024\/10\/Folder-Spielepreis-2023-3-1063x1536.jpg 1063w, http:\/\/www.spielepreis.at\/wordpress\/wp-content\/uploads\/2024\/10\/Folder-Spielepreis-2023-3-1417x2048.jpg 1417w, http:\/\/www.spielepreis.at\/wordpress\/wp-content\/uploads\/2024\/10\/Folder-Spielepreis-2023-3.jpg 1724w\" sizes=\"auto, (max-width: 708px) 100vw, 708px\" \/><\/a><\/figure>\n\n\n\n<figure class=\"wp-block-image size-large\"><a href=\"http:\/\/www.spielepreis.at\/wordpress\/wp-content\/uploads\/2024\/10\/Folder-Spielepreis-2023-Original_1.jpg\"><img loading=\"lazy\" decoding=\"async\" width=\"708\" height=\"1024\" data-id=\"1037\" src=\"http:\/\/www.spielepreis.at\/wordpress\/wp-content\/uploads\/2024\/10\/Folder-Spielepreis-2023-Original_1-708x1024.jpg\" alt=\"\" class=\"wp-image-1037\" srcset=\"http:\/\/www.spielepreis.at\/wordpress\/wp-content\/uploads\/2024\/10\/Folder-Spielepreis-2023-Original_1-708x1024.jpg 708w, http:\/\/www.spielepreis.at\/wordpress\/wp-content\/uploads\/2024\/10\/Folder-Spielepreis-2023-Original_1-208x300.jpg 208w, http:\/\/www.spielepreis.at\/wordpress\/wp-content\/uploads\/2024\/10\/Folder-Spielepreis-2023-Original_1-768x1110.jpg 768w, http:\/\/www.spielepreis.at\/wordpress\/wp-content\/uploads\/2024\/10\/Folder-Spielepreis-2023-Original_1-1063x1536.jpg 1063w, http:\/\/www.spielepreis.at\/wordpress\/wp-content\/uploads\/2024\/10\/Folder-Spielepreis-2023-Original_1-1417x2048.jpg 1417w, http:\/\/www.spielepreis.at\/wordpress\/wp-content\/uploads\/2024\/10\/Folder-Spielepreis-2023-Original_1.jpg 1724w\" sizes=\"auto, (max-width: 708px) 100vw, 708px\" \/><\/a><\/figure>\n\n\n\n<figure class=\"wp-block-image size-large\"><a href=\"http:\/\/www.spielepreis.at\/wordpress\/wp-content\/uploads\/2024\/10\/Folder-Spielepreis-2023-1.jpg\"><img loading=\"lazy\" decoding=\"async\" width=\"1024\" height=\"740\" data-id=\"1039\" src=\"http:\/\/www.spielepreis.at\/wordpress\/wp-content\/uploads\/2024\/10\/Folder-Spielepreis-2023-1-1024x740.jpg\" alt=\"\" class=\"wp-image-1039\" srcset=\"http:\/\/www.spielepreis.at\/wordpress\/wp-content\/uploads\/2024\/10\/Folder-Spielepreis-2023-1-1024x740.jpg 1024w, http:\/\/www.spielepreis.at\/wordpress\/wp-content\/uploads\/2024\/10\/Folder-Spielepreis-2023-1-300x217.jpg 300w, http:\/\/www.spielepreis.at\/wordpress\/wp-content\/uploads\/2024\/10\/Folder-Spielepreis-2023-1-768x555.jpg 768w, http:\/\/www.spielepreis.at\/wordpress\/wp-content\/uploads\/2024\/10\/Folder-Spielepreis-2023-1-1536x1110.jpg 1536w, http:\/\/www.spielepreis.at\/wordpress\/wp-content\/uploads\/2024\/10\/Folder-Spielepreis-2023-1.jpg 1724w\" sizes=\"auto, (max-width: 1024px) 100vw, 1024px\" \/><\/a><\/figure>\n<\/figure>\n\n\n\n<hr class=\"wp-block-separator has-alpha-channel-opacity\"\/>\n\n\n\n<h2 class=\"wp-block-heading\">Verleihung des \u00d6sterreichischen Spielepreises&#8217;23<\/h2>\n\n\n\n<p>Wir freuen uns, zur Verleihung des \u00d6sterreichischen Spielepreises 2023 einladen zu d\u00fcrfen:<\/p>\n\n\n\n<p><strong>Im Westfield Donau Zentrum (22., Wagramer Stra\u00dfe 94) <\/strong>wird im Rahmen des Spielefests im Donau Zentrum ein <strong>Medien-Event<\/strong> <strong>am Freitag, den 3. November, ab 15 Uhr <\/strong>von der \u00d6sterreichischen Spiele-Akademie abgehalten<strong>.<\/strong><\/p>\n\n\n\n<p>Dabei werden neben dem Spiel-der-Spiele &#8217;23, dem Hauptpreis des \u00d6sterreichischen Spielepreises &#8217;23, auch die Spiele-Hits Kinder, Familie, Freunde, Experten, Karten und Trends vorgestellt und die Preise verliehen.<\/p>\n\n\n\n<p>Au\u00dferdem werden Sie dabei Gelegenheit bekommen, mit den Verlagsvertretern der Preistr\u00e4ger, sowie den Juroren der \u00d6sterreichischen Spiele-Akademie Gespr\u00e4che zu f\u00fchren und die Spiele zu spielen.<\/p>\n\n\n\n<hr class=\"wp-block-separator has-alpha-channel-opacity\"\/>\n\n\n\n<h2 class=\"wp-block-heading\" id=\"bekanntgabe-der-empfehlungslisten\">Bekanntgabe der Empfehlungslisten<\/h2>\n\n\n\n<p>Am Freitag, den 29. September fand ein Medientermin und Publikums-Events in die der SPIELB\u00d6RSE Innsbruck (Riedgasse 9, 6020 Innsbruck) statt &#8211; die Bekanntgabe der diesj\u00e4hrigen <strong><em>Spiele<\/em><\/strong>\u2013<strong><em>Empfehlungslisten<\/em><\/strong>.<\/p>\n\n\n\n<p>Welche Spiele wurden neben dem Hauptpreistr\u00e4ger, dem <strong><em>Spiel der Spiele<\/em><\/strong> und den <strong><em>Spiele-Hits<\/em><\/strong> der Kategorien <em>f\u00fcr Kinder<\/em>, <em>f\u00fcr Familien<\/em>, <em>mit Freunden<\/em>, <em>f\u00fcr Experten<\/em>, <em>Karten<\/em> bzw. <em>Trend<\/em> au\u00dferdem f\u00fcr den aktuellen Spiele-Jahrgang empfohlen?<\/p>\n\n\n\n<p><a href=\"http:\/\/www.spielepreis.at\/wordpress\/wp-content\/uploads\/2023\/09\/Folder-Empfehlungsliste-2023-A4-S.pdf\" target=\"_blank\" rel=\"noreferrer noopener\">Empfehlungsliste \u2013 PDF zum Download<\/a><\/p>\n\n\n\n<hr class=\"wp-block-separator has-alpha-channel-opacity\"\/>\n\n\n\n<h2 class=\"wp-block-heading\">&#8222;Spiel der Spiele&#8220; und &#8222;Spiele-Hits&#8220; 2023<\/h2>\n\n\n\n<p>Am 1. Juli 2023 wurde der diesj\u00e4hrige \u00d6sterreichische Spielepreis verliehen. Gespannt fieberte die Spielewelt im UniCredit Center am Kaiserwasser der Bekanntgabe der diesj\u00e4hrigen Preistr\u00e4ger entgegen. Die Spielejury hatte die schwierige Aufgabe, aus einer Vielzahl innovativer und unterhaltsamer Brettspiele die besten auszuw\u00e4hlen. Dabei standen die Freude am Spiel, die spielerische Qualit\u00e4t und die Kreativit\u00e4t im Fokus&nbsp;der&nbsp;Bewertung.<\/p>\n\n\n\n<h3 class=\"wp-block-heading\">Spiel der Spiele<\/h3>\n\n\n\n<p>&#8222;Caf\u00e9 del Gatto&#8220; von Lena Burkhardt und Julia Wagner (<a rel=\"noreferrer noopener\" href=\"https:\/\/www.schmidtspiele.de\/\" target=\"_blank\">Schmidt Spiele<\/a>)<\/p>\n\n\n\n<h3 class=\"wp-block-heading\">Spiele-Hit Kinder<\/h3>\n\n\n\n<p>&#8222;Beethupferl&#8220; von Bernhard Weber (<a rel=\"noreferrer noopener\" href=\"https:\/\/www.zoch-verlag.com\/zoch_de\/home\/\" target=\"_blank\">Zoch<\/a>)<\/p>\n\n\n\n<h3 class=\"wp-block-heading\">Spiele-Hit Familien<\/h3>\n\n\n\n<p>&#8222;80 Days&#8220; von Emanuele Briano (<a href=\"https:\/\/www.piatnik.com\/\" target=\"_blank\" rel=\"noreferrer noopener\">Piatnik<\/a>)<\/p>\n\n\n\n<h3 class=\"wp-block-heading\">Spiele Hit Freunde <\/h3>\n\n\n\n<p>&#8222;Black Stories: Das Spiel&#8220; von Inka Brand, Markus Brand und Folko Streese (<a href=\"https:\/\/www.moses-verlag.de\/\" target=\"_blank\" rel=\"noreferrer noopener\">moses.<\/a>)<\/p>\n\n\n\n<h3 class=\"wp-block-heading\">Spiele Hit Experten<\/h3>\n\n\n\n<p>&#8222;Merchants Cove&#8220; von Carl Van Ostrand, Jonny Pac und Drake Villareal&nbsp;(<a rel=\"noreferrer noopener\" href=\"https:\/\/pegasus.de\/\" target=\"_blank\">Pegasus<\/a>)<\/p>\n\n\n\n<h3 class=\"wp-block-heading\">Spiele Hit Karten<\/h3>\n\n\n\n<p>&#8222;Fasanerie&#8220; von Friedemann Friese (<a href=\"https:\/\/2f-spiele.de\/\" target=\"_blank\" rel=\"noreferrer noopener\">2F Spiele<\/a>)<\/p>\n\n\n\n<h3 class=\"wp-block-heading\">Spiele Hit Trend<\/h3>\n\n\n\n<p>&#8222;Atiwa&#8220; von Uwe Rosenberg (<a href=\"https:\/\/lookout-spiele.de\" target=\"_blank\" rel=\"noreferrer noopener\">Lookout&nbsp;Games<\/a>)<\/p>\n\n\n\n<hr class=\"wp-block-separator has-alpha-channel-opacity\"\/>\n\n\n\n<h2 class=\"wp-block-heading\">Downloads<\/h2>\n\n\n\n<p><a href=\"http:\/\/www.spielepreis.at\/wordpress\/wp-content\/uploads\/2023\/07\/PA_Spielepreis_2023.pdf\" target=\"_blank\" rel=\"noreferrer noopener\">Presseaussendung \u2013 Bekanntgabe des \u00d6sterreichischen Spielepreis 2023<\/a><\/p>\n\n\n\n<p><a href=\"http:\/\/www.spielepreis.at\/wordpress\/wp-content\/uploads\/2023\/07\/Bekanntgabe_Spielepreis_Aussendung-SdS-2023-RGB.pdf\" target=\"_blank\" rel=\"noreferrer noopener\">Die Gewinner des \u00d6sterreichischen Spielepreises 2023 im \u00dcberblick<\/a><\/p>\n","protected":false},"excerpt":{"rendered":"<p>Die ausgezeichneten Spiele 2023 Folder-Gallerie Verleihung des \u00d6sterreichischen Spielepreises&#8217;23 Wir freuen uns, zur Verleihung des \u00d6sterreichischen Spielepreises 2023 einladen zu d\u00fcrfen: Im Westfield Donau Zentrum (22., Wagramer Stra\u00dfe 94) wird im Rahmen des Spielefests im Donau Zentrum ein Medien-Event am Freitag, den 3. November, ab 15 Uhr von der \u00d6sterreichischen Spiele-Akademie abgehalten. Dabei werden neben [&hellip;]<\/p>\n","protected":false},"author":1,"featured_media":0,"parent":0,"menu_order":0,"comment_status":"closed","ping_status":"closed","template":"","meta":{"footnotes":""},"class_list":["post-924","page","type-page","status-publish","hentry"],"_links":{"self":[{"href":"http:\/\/www.spielepreis.at\/wordpress\/wp-json\/wp\/v2\/pages\/924","targetHints":{"allow":["GET"]}}],"collection":[{"href":"http:\/\/www.spielepreis.at\/wordpress\/wp-json\/wp\/v2\/pages"}],"about":[{"href":"http:\/\/www.spielepreis.at\/wordpress\/wp-json\/wp\/v2\/types\/page"}],"author":[{"embeddable":true,"href":"http:\/\/www.spielepreis.at\/wordpress\/wp-json\/wp\/v2\/users\/1"}],"replies":[{"embeddable":true,"href":"http:\/\/www.spielepreis.at\/wordpress\/wp-json\/wp\/v2\/comments?post=924"}],"version-history":[{"count":29,"href":"http:\/\/www.spielepreis.at\/wordpress\/wp-json\/wp\/v2\/pages\/924\/revisions"}],"predecessor-version":[{"id":1042,"href":"http:\/\/www.spielepreis.at\/wordpress\/wp-json\/wp\/v2\/pages\/924\/revisions\/1042"}],"wp:attachment":[{"href":"http:\/\/www.spielepreis.at\/wordpress\/wp-json\/wp\/v2\/media?parent=924"}],"curies":[{"name":"wp","href":"https:\/\/api.w.org\/{rel}","templated":true}]}}