{"id":986,"date":"2024-06-11T09:19:36","date_gmt":"2024-06-11T07:19:36","guid":{"rendered":"http:\/\/www.spielepreis.at\/wordpress\/?page_id=986"},"modified":"2025-09-30T08:44:32","modified_gmt":"2025-09-30T06:44:32","slug":"oesterreichischer-spielepreis-2024","status":"publish","type":"page","link":"http:\/\/www.spielepreis.at\/wordpress\/oesterreichischer-spielepreis-2024\/","title":{"rendered":"\u00d6sterreichischer Spielepreis 2024"},"content":{"rendered":"\n<h2 class=\"wp-block-heading\">Bekanntgabe des \u00d6sterreichischen Spielepreises&#8217;24<\/h2>\n\n\n\n<figure class=\"wp-block-image size-large\"><a href=\"http:\/\/www.spielepreis.at\/wordpress\/wp-content\/uploads\/2024\/06\/Spielebox_Collage-3D_2024.png\"><img loading=\"lazy\" decoding=\"async\" width=\"1024\" height=\"1024\" src=\"http:\/\/www.spielepreis.at\/wordpress\/wp-content\/uploads\/2024\/06\/Spielebox_Collage-3D_2024-1024x1024.png\" alt=\"\" class=\"wp-image-990\" srcset=\"http:\/\/www.spielepreis.at\/wordpress\/wp-content\/uploads\/2024\/06\/Spielebox_Collage-3D_2024-1024x1024.png 1024w, http:\/\/www.spielepreis.at\/wordpress\/wp-content\/uploads\/2024\/06\/Spielebox_Collage-3D_2024-300x300.png 300w, http:\/\/www.spielepreis.at\/wordpress\/wp-content\/uploads\/2024\/06\/Spielebox_Collage-3D_2024-150x150.png 150w, http:\/\/www.spielepreis.at\/wordpress\/wp-content\/uploads\/2024\/06\/Spielebox_Collage-3D_2024-768x768.png 768w, http:\/\/www.spielepreis.at\/wordpress\/wp-content\/uploads\/2024\/06\/Spielebox_Collage-3D_2024-1536x1536.png 1536w, http:\/\/www.spielepreis.at\/wordpress\/wp-content\/uploads\/2024\/06\/Spielebox_Collage-3D_2024.png 2000w\" sizes=\"auto, (max-width: 1024px) 100vw, 1024px\" \/><\/a><\/figure>\n\n\n\n<hr class=\"wp-block-separator has-alpha-channel-opacity\"\/>\n\n\n\n<h2 class=\"wp-block-heading\" id=\"bekanntgabe-der-empfehlungslisten\">Bekanntgabe der Empfehlungslisten<\/h2>\n\n\n\n<p>Am Freitag, den 27. September fand im Rahmen der Er\u00f6ffnung der Spielesaison die Bekanntgabe der diesj\u00e4hrigen <strong><em>Spiele<\/em><\/strong>\u2013<strong><em>Empfehlungslisten<\/em><\/strong> statt.<\/p>\n\n\n\n<p>Welche Spiele wurden neben dem Hauptpreistr\u00e4ger, dem <strong><em>Spiel der Spiele<\/em><\/strong> und den <strong><em>Spiele-Hits<\/em><\/strong> der Kategorien <em>f\u00fcr Kinder<\/em>, <em>f\u00fcr Familien<\/em>, <em>mit Freunden<\/em>, <em>f\u00fcr Experten<\/em>, <em>Karten<\/em> bzw. <em>Trend<\/em> au\u00dferdem f\u00fcr den aktuellen Spiele-Jahrgang empfohlen?<\/p>\n\n\n\n<p><a href=\"http:\/\/www.spielepreis.at\/wordpress\/wp-content\/uploads\/2024\/09\/Folder-Spielepreis-2024-RGB.pdf\">Empfehlungsliste \u2013 PDF zum Download<\/a><\/p>\n\n\n\n<hr class=\"wp-block-separator has-alpha-channel-opacity\"\/>\n\n\n\n<h2 class=\"wp-block-heading\">&#8222;Spiel der Spiele&#8220; und &#8222;Spiele-Hits&#8220; 2024<\/h2>\n\n\n\n<p>Am 22. Juni 2024 wurde der diesj\u00e4hrige \u00d6sterreichische Spielepreis vergeben. Gespannt fieberte die Spielewelt im UniCredit Center am Kaiserwasser der Bekanntgabe der diesj\u00e4hrigen Preistr\u00e4ger entgegen. Die Spielejury hatte die schwierige Aufgabe, aus einer Vielzahl innovativer und unterhaltsamer Brettspiele die besten auszuw\u00e4hlen. Dabei standen die Freude am Spiel, die spielerische Qualit\u00e4t und die Kreativit\u00e4t im Fokus&nbsp;der&nbsp;Bewertung.<\/p>\n\n\n\n<h3 class=\"wp-block-heading\">Spiel der Spiele<\/h3>\n\n\n\n<p>&#8222;Mycelia&#8220; von Daniel Greiner (<a href=\"https:\/\/www.ravensburger.de\/de-AT\">Ravensburger<\/a>)<\/p>\n\n\n\n<h3 class=\"wp-block-heading\">Spiele-Hit Kinder<\/h3>\n\n\n\n<p>&#8222;Garten-Gauner&#8220; von Fabrice Chazal, Anthony Perone (<a href=\"https:\/\/www.ravensburger.de\/de-AT\" target=\"_blank\" rel=\"noreferrer noopener\">Ravensburger<\/a>)<\/p>\n\n\n\n<h3 class=\"wp-block-heading\">Spiele-Hit Familien<\/h3>\n\n\n\n<p>&#8222;Federflink&#8220; von Julien Prothi\u00e8re, Juan Rodriguez (<a href=\"https:\/\/www.piatnik.com\/\" target=\"_blank\" rel=\"noreferrer noopener\">Piatnik<\/a>)<\/p>\n\n\n\n<h3 class=\"wp-block-heading\">Spiele Hit Freunde <\/h3>\n\n\n\n<p>&#8222;Marsch der Krabben: Das Spiel&#8220; von Julien Prothi\u00e8re (<a href=\"https:\/\/hutter-trade.com\/sortiment\/markenuebersicht\/huch\/\" target=\"_blank\" rel=\"noreferrer noopener\">Huch<\/a>)<\/p>\n\n\n\n<h3 class=\"wp-block-heading\">Spiele Hit Experten<\/h3>\n\n\n\n<p>&#8222;Sabika&#8220; von Germ\u00e1n P. Mill\u00e1n&nbsp;(<a href=\"https:\/\/www.strohmann-games.de\/spiele\/\" target=\"_blank\" rel=\"noreferrer noopener\">Strohmann Games<\/a> \/ <a href=\"https:\/\/ludonova.com\/en\/\" target=\"_blank\" rel=\"noreferrer noopener\">Ludonova<\/a>)<\/p>\n\n\n\n<h3 class=\"wp-block-heading\">Spiele Hit Karten<\/h3>\n\n\n\n<p>&#8222;Finito&#8220; von Garrett J. Donner, Brian S. Spence, Michael S. Steer (<a href=\"https:\/\/www.gamefactory-games.com\/de\" target=\"_blank\" rel=\"noreferrer noopener\">Game Factory<\/a>)<\/p>\n\n\n\n<h3 class=\"wp-block-heading\">Spiele Hit Trend<\/h3>\n\n\n\n<p>&#8222;Chips&#8220; von Mathieu Aubert, Theo Riviere (<a href=\"https:\/\/hutter-trade.com\/sortiment\/markenuebersicht\/huch\/\">Huch<\/a>)<\/p>\n\n\n\n<hr class=\"wp-block-separator has-alpha-channel-opacity\"\/>\n\n\n\n<h2 class=\"wp-block-heading\">Downloads<\/h2>\n\n\n\n<p><a href=\"http:\/\/www.spielepreis.at\/wordpress\/wp-content\/uploads\/2024\/06\/Presseaussendung_Bekanntgabe_Spielepreis_2024.pdf\" target=\"_blank\" rel=\"noreferrer noopener\">Presseaussendung \u2013 Bekanntgabe des \u00d6sterreichischen Spielepreis 2024<\/a><\/p>\n\n\n\n<p><a href=\"http:\/\/www.spielepreis.at\/wordpress\/wp-content\/uploads\/2024\/06\/Oesterreichischer-Spielepreis_Preistraeger-2024-LOW.pdf\" target=\"_blank\" rel=\"noreferrer noopener\">Die Gewinner des \u00d6sterreichischen Spielepreises 2024 im \u00dcberblick<\/a><\/p>\n\n\n\n<p><a href=\"http:\/\/www.spielepreis.at\/wordpress\/wp-content\/uploads\/2024\/09\/Folder-Spielepreis-2024-RGB.pdf\">Empfehlungsliste \u2013 Alle ausgezeichneten Spiele<\/a><\/p>\n\n\n\n<hr class=\"wp-block-separator has-alpha-channel-opacity\"\/>\n\n\n\n<h2 class=\"wp-block-heading\">R\u00fcckfragen und Anmeldungen<\/h2>\n\n\n\n<p><a href=\"mailto:t.bareder@spielepreis.at\">t.bareder@spielepreis.at<\/a> oder <br>Tel. 0699 \/ 1011 1054 (Thomas Bareder)<br>\u00d6sterreichische Spiele-Akademie<\/p>\n","protected":false},"excerpt":{"rendered":"<p>Bekanntgabe des \u00d6sterreichischen Spielepreises&#8217;24 Bekanntgabe der Empfehlungslisten Am Freitag, den 27. September fand im Rahmen der Er\u00f6ffnung der Spielesaison die Bekanntgabe der diesj\u00e4hrigen Spiele\u2013Empfehlungslisten statt. Welche Spiele wurden neben dem Hauptpreistr\u00e4ger, dem Spiel der Spiele und den Spiele-Hits der Kategorien f\u00fcr Kinder, f\u00fcr Familien, mit Freunden, f\u00fcr Experten, Karten bzw. Trend au\u00dferdem f\u00fcr den aktuellen [&hellip;]<\/p>\n","protected":false},"author":1,"featured_media":0,"parent":0,"menu_order":0,"comment_status":"closed","ping_status":"closed","template":"","meta":{"footnotes":""},"class_list":["post-986","page","type-page","status-publish","hentry"],"_links":{"self":[{"href":"http:\/\/www.spielepreis.at\/wordpress\/wp-json\/wp\/v2\/pages\/986","targetHints":{"allow":["GET"]}}],"collection":[{"href":"http:\/\/www.spielepreis.at\/wordpress\/wp-json\/wp\/v2\/pages"}],"about":[{"href":"http:\/\/www.spielepreis.at\/wordpress\/wp-json\/wp\/v2\/types\/page"}],"author":[{"embeddable":true,"href":"http:\/\/www.spielepreis.at\/wordpress\/wp-json\/wp\/v2\/users\/1"}],"replies":[{"embeddable":true,"href":"http:\/\/www.spielepreis.at\/wordpress\/wp-json\/wp\/v2\/comments?post=986"}],"version-history":[{"count":14,"href":"http:\/\/www.spielepreis.at\/wordpress\/wp-json\/wp\/v2\/pages\/986\/revisions"}],"predecessor-version":[{"id":1081,"href":"http:\/\/www.spielepreis.at\/wordpress\/wp-json\/wp\/v2\/pages\/986\/revisions\/1081"}],"wp:attachment":[{"href":"http:\/\/www.spielepreis.at\/wordpress\/wp-json\/wp\/v2\/media?parent=986"}],"curies":[{"name":"wp","href":"https:\/\/api.w.org\/{rel}","templated":true}]}}